{"id":1096,"date":"2026-01-19T22:18:33","date_gmt":"2026-01-19T19:18:33","guid":{"rendered":"https:\/\/bizdenalinir.com\/?post_type=product&#038;p=1096"},"modified":"2026-01-19T22:18:33","modified_gmt":"2026-01-19T19:18:33","slug":"6-adet-22x22-kare-gumus-renk-kahve-sunum-tepsisi","status":"publish","type":"product","link":"https:\/\/bizdenalinir.com\/index.php\/urun\/6-adet-22x22-kare-gumus-renk-kahve-sunum-tepsisi\/","title":{"rendered":"6 Adet (22&#215;22) Kare G\u00fcm\u00fc\u015f Renk Kahve Sunum Tepsisi"},"content":{"rendered":"<p class=\"product-description-content\">Modern sunumlar\u0131n vazge\u00e7ilmezi:G\u00f6kdil Kare \u00c7elik Sunum Tepsisi,sade tasar\u0131m\u0131 ve parlak y\u00fczeyiyle sofralar\u0131n\u0131za zarafet katar.<\/p>\n<p class=\"product-description-content\">Tamamen paslanmaz \u00e7elikten \u00fcretilen bu tepsiler uzun \u00f6m\u00fcrl\u00fc kullan\u0131m ve kolay temizlenebilir y\u00fczeyiyle sunumlar\u0131n\u0131z\u0131n favorisi olmaya aday.<\/p>\n<p class=\"product-description-content\">Paslanmaya,\u00e7izilmeye ve kararmaya kar\u015f\u0131 diren\u00e7lidir.<\/p>\n<p class=\"product-description-content\">Y\u0131llarca ilk g\u00fcnki parlakl\u0131\u011f\u0131n\u0131 korur.<\/p>\n<p class=\"product-description-content\">Her y\u0131kamadan sonra kurulanmas\u0131 \u00f6nerilir.<\/p>\n<p class=\"product-description-content\">G\u00f6kdil\u2019in y\u0131llara dayanan \u00fcretim deneyimiyle tasarlanan bu \u00e7ay ve kahve sunum tepsisi, hem i\u015flevsel hem dekoratif bir \u00fcr\u00fcnd\u00fcr.<\/p>\n<p class=\"product-description-content\">Kahve sunumlar\u0131n\u0131za zarafet katarken sofralar\u0131n\u0131za profesyonel bir dokunu\u015f kazand\u0131r\u0131r.<\/p>\n<p class=\"product-description-content\">Kahve sunumlar\u0131,at\u0131\u015ft\u0131rmal\u0131k servisleri veya dekoratif kullan\u0131m i\u00e7in ideal boyutuyla hem g\u00fcnl\u00fck hem \u00f6zel anlarda pratik bir \u015f\u0131kl\u0131k sunar.<\/p>\n<p class=\"product-description-content\">Minimal \u00e7izgileri ve 22&#215;22 cm \u00f6l\u00e7\u00fcs\u00fcyle her ortama uyum sa\u011flar.<\/p>\n<p class=\"product-description-content\">\u00d6ne \u00c7\u0131kan \u00d6zellikler:<\/p>\n<p class=\"product-description-content\">%100 paslanmaz \u00e7elik malzeme.<\/p>\n<p class=\"product-description-content\">Kare form:22&#215;22.<\/p>\n<p class=\"product-description-content\">Parlak ve modern y\u00fczey tasar\u0131m\u0131.<\/p>\n<p class=\"product-description-content\">Kahve sunumu,tatl\u0131 ve at\u0131\u015ft\u0131rmal\u0131k servisi i\u00e7in ideal.<\/p>\n<p class=\"product-description-content\">Kolay temizlenir,\u00e7izilmeye kar\u015f\u0131 dayan\u0131kl\u0131d\u0131r.<\/p>\n","protected":false},"excerpt":{"rendered":"<p>Modern sunumlar\u0131n vazge\u00e7ilmezi:G\u00f6kdil Kare \u00c7elik Sunum Tepsisi,sade tasar\u0131m\u0131 ve parlak y\u00fczeyiyle sofralar\u0131n\u0131za zarafet katar.<\/p>\n","protected":false},"featured_media":1097,"template":"","meta":[],"product_brand":[104],"product_cat":[102],"product_tag":[],"class_list":{"0":"post-1096","1":"product","2":"type-product","3":"status-publish","4":"has-post-thumbnail","6":"product_brand-bizden-alinir","7":"product_cat-ev-mutfak","9":"first","10":"instock","11":"taxable","12":"shipping-taxable","13":"purchasable","14":"product-type-simple"},"jetpack_sharing_enabled":true,"_links":{"self":[{"href":"https:\/\/bizdenalinir.com\/index.php\/wp-json\/wp\/v2\/product\/1096","targetHints":{"allow":["GET"]}}],"collection":[{"href":"https:\/\/bizdenalinir.com\/index.php\/wp-json\/wp\/v2\/product"}],"about":[{"href":"https:\/\/bizdenalinir.com\/index.php\/wp-json\/wp\/v2\/types\/product"}],"wp:featuredmedia":[{"embeddable":true,"href":"https:\/\/bizdenalinir.com\/index.php\/wp-json\/wp\/v2\/media\/1097"}],"wp:attachment":[{"href":"https:\/\/bizdenalinir.com\/index.php\/wp-json\/wp\/v2\/media?parent=1096"}],"wp:term":[{"taxonomy":"product_brand","embeddable":true,"href":"https:\/\/bizdenalinir.com\/index.php\/wp-json\/wp\/v2\/product_brand?post=1096"},{"taxonomy":"product_cat","embeddable":true,"href":"https:\/\/bizdenalinir.com\/index.php\/wp-json\/wp\/v2\/product_cat?post=1096"},{"taxonomy":"product_tag","embeddable":true,"href":"https:\/\/bizdenalinir.com\/index.php\/wp-json\/wp\/v2\/product_tag?post=1096"}],"curies":[{"name":"wp","href":"https:\/\/api.w.org\/{rel}","templated":true}]}}