{"id":1098,"date":"2026-01-19T22:29:16","date_gmt":"2026-01-19T19:29:16","guid":{"rendered":"https:\/\/bizdenalinir.com\/?post_type=product&#038;p=1098"},"modified":"2026-01-19T22:29:16","modified_gmt":"2026-01-19T19:29:16","slug":"sevimli-kopek-dostlar-duvar-sticker-55-x-100-cm","status":"publish","type":"product","link":"https:\/\/bizdenalinir.com\/index.php\/urun\/sevimli-kopek-dostlar-duvar-sticker-55-x-100-cm\/","title":{"rendered":"Sevimli K\u00f6pek Dostlar Duvar Sticker (55 x 100 cm )"},"content":{"rendered":"<p class=\"product-description-content\">&#8211; Bebek ve \u00e7ocuk odalar\u0131na ne\u015fe katan, sevimli k\u00f6pek dostlar\u0131 temal\u0131 duvar sticker&#8217;lar\u0131 ile oda dekorasyonunuza e\u011flenceli bir dokunu\u015f ekleyin.<\/p>\n<p class=\"product-description-content\">&#8211; Tek par\u00e7a halinde gelen bu sticker&#8217;lar, kolayca uygulanabilir ve duvarlar\u0131n\u0131za canl\u0131l\u0131k katmak i\u00e7in idealdir.<\/p>\n<p class=\"product-description-content\">&#8211; Sevimli k\u00f6pek dostlar\u0131n\u0131n bulundu\u011fu bu sticker&#8217;lar, hem \u00e7ocuklar\u0131n odalar\u0131na ne\u015fe getirir hem de ebeveynlerin zevkini yans\u0131t\u0131r.<\/p>\n","protected":false},"excerpt":{"rendered":"<p>&#8211; Bebek ve \u00e7ocuk odalar\u0131na ne\u015fe katan, sevimli k\u00f6pek dostlar\u0131 temal\u0131 duvar sticker&#8217;lar\u0131 ile oda dekorasyonunuza e\u011flenceli bir dokunu\u015f ekleyin.<\/p>\n","protected":false},"featured_media":1099,"template":"","meta":[],"product_brand":[104],"product_cat":[99],"product_tag":[],"class_list":{"0":"post-1098","1":"product","2":"type-product","3":"status-publish","4":"has-post-thumbnail","6":"product_brand-bizden-alinir","7":"product_cat-duvar-sticker","9":"first","10":"instock","11":"taxable","12":"shipping-taxable","13":"purchasable","14":"product-type-simple"},"jetpack_sharing_enabled":true,"_links":{"self":[{"href":"https:\/\/bizdenalinir.com\/index.php\/wp-json\/wp\/v2\/product\/1098","targetHints":{"allow":["GET"]}}],"collection":[{"href":"https:\/\/bizdenalinir.com\/index.php\/wp-json\/wp\/v2\/product"}],"about":[{"href":"https:\/\/bizdenalinir.com\/index.php\/wp-json\/wp\/v2\/types\/product"}],"wp:featuredmedia":[{"embeddable":true,"href":"https:\/\/bizdenalinir.com\/index.php\/wp-json\/wp\/v2\/media\/1099"}],"wp:attachment":[{"href":"https:\/\/bizdenalinir.com\/index.php\/wp-json\/wp\/v2\/media?parent=1098"}],"wp:term":[{"taxonomy":"product_brand","embeddable":true,"href":"https:\/\/bizdenalinir.com\/index.php\/wp-json\/wp\/v2\/product_brand?post=1098"},{"taxonomy":"product_cat","embeddable":true,"href":"https:\/\/bizdenalinir.com\/index.php\/wp-json\/wp\/v2\/product_cat?post=1098"},{"taxonomy":"product_tag","embeddable":true,"href":"https:\/\/bizdenalinir.com\/index.php\/wp-json\/wp\/v2\/product_tag?post=1098"}],"curies":[{"name":"wp","href":"https:\/\/api.w.org\/{rel}","templated":true}]}}