{"id":1102,"date":"2026-01-20T10:33:21","date_gmt":"2026-01-20T07:33:21","guid":{"rendered":"https:\/\/bizdenalinir.com\/?post_type=product&#038;p=1102"},"modified":"2026-01-20T12:52:20","modified_gmt":"2026-01-20T09:52:20","slug":"sevimli-zurafa-boy-olcme-cetveli-cocuk-odasi-duvar-sticker-60-x-155-cm","status":"publish","type":"product","link":"https:\/\/bizdenalinir.com\/index.php\/urun\/sevimli-zurafa-boy-olcme-cetveli-cocuk-odasi-duvar-sticker-60-x-155-cm\/","title":{"rendered":"Z\u00fcrafa Boy \u00d6l\u00e7me Cetveli \u00c7ocuk Odas\u0131 Duvar Sticker (60 x 155 cm )"},"content":{"rendered":"<p class=\"product-description-content\">&#8211; Sevimli z\u00fcrafa fig\u00fcr\u00fcyle s\u00fcslenmi\u015f, \u00e7ocuklar\u0131n odas\u0131na ne\u015fe katan boy \u00f6l\u00e7me cetveli.<\/p>\n<p class=\"product-description-content\">&#8211; Tek par\u00e7a halinde gelen bu sticker, kolayca uygulanabilir ve duvara zarar vermez.<\/p>\n<p class=\"product-description-content\">&#8211; Bebek ve \u00e7ocuk odalar\u0131nda kullan\u0131m i\u00e7in idealdir<\/p>\n<p class=\"product-description-content\">hem e\u011flenceli hem de i\u015flevsel bir aksesuar olarak \u00f6ne \u00e7\u0131kar.<\/p>\n","protected":false},"excerpt":{"rendered":"<p>&#8211; Sevimli z\u00fcrafa fig\u00fcr\u00fcyle s\u00fcslenmi\u015f, \u00e7ocuklar\u0131n odas\u0131na ne\u015fe katan boy \u00f6l\u00e7me cetveli.<\/p>\n","protected":false},"featured_media":1107,"template":"","meta":[],"product_brand":[104],"product_cat":[99],"product_tag":[],"class_list":{"0":"post-1102","1":"product","2":"type-product","3":"status-publish","4":"has-post-thumbnail","6":"product_brand-bizden-alinir","7":"product_cat-duvar-sticker","9":"first","10":"instock","11":"taxable","12":"shipping-taxable","13":"purchasable","14":"product-type-variable","15":"has-default-attributes"},"jetpack_sharing_enabled":true,"_links":{"self":[{"href":"https:\/\/bizdenalinir.com\/index.php\/wp-json\/wp\/v2\/product\/1102","targetHints":{"allow":["GET"]}}],"collection":[{"href":"https:\/\/bizdenalinir.com\/index.php\/wp-json\/wp\/v2\/product"}],"about":[{"href":"https:\/\/bizdenalinir.com\/index.php\/wp-json\/wp\/v2\/types\/product"}],"wp:featuredmedia":[{"embeddable":true,"href":"https:\/\/bizdenalinir.com\/index.php\/wp-json\/wp\/v2\/media\/1107"}],"wp:attachment":[{"href":"https:\/\/bizdenalinir.com\/index.php\/wp-json\/wp\/v2\/media?parent=1102"}],"wp:term":[{"taxonomy":"product_brand","embeddable":true,"href":"https:\/\/bizdenalinir.com\/index.php\/wp-json\/wp\/v2\/product_brand?post=1102"},{"taxonomy":"product_cat","embeddable":true,"href":"https:\/\/bizdenalinir.com\/index.php\/wp-json\/wp\/v2\/product_cat?post=1102"},{"taxonomy":"product_tag","embeddable":true,"href":"https:\/\/bizdenalinir.com\/index.php\/wp-json\/wp\/v2\/product_tag?post=1102"}],"curies":[{"name":"wp","href":"https:\/\/api.w.org\/{rel}","templated":true}]}}