{"id":1109,"date":"2026-01-20T13:03:11","date_gmt":"2026-01-20T10:03:11","guid":{"rendered":"https:\/\/bizdenalinir.com\/?post_type=product&#038;p=1109"},"modified":"2026-01-20T13:12:21","modified_gmt":"2026-01-20T10:12:21","slug":"gokkusagi-ailesi-boy-olcme-cetveli-cocuk-odasi-duvar-sticker-100-x-140cm","status":"publish","type":"product","link":"https:\/\/bizdenalinir.com\/index.php\/urun\/gokkusagi-ailesi-boy-olcme-cetveli-cocuk-odasi-duvar-sticker-100-x-140cm\/","title":{"rendered":"G\u00f6kku\u015fa\u011f\u0131 Ailesi Boy \u00d6l\u00e7me Cetveli \u00c7ocuk Odas\u0131 Duvar Sticker (100 x 140cm)"},"content":{"rendered":"<p class=\"product-description-content\">&#8211; G\u00f6kku\u015fa\u011f\u0131 ailesinin renkli karakterleriyle s\u00fcslenmi\u015f, \u00e7ocuklar\u0131n odas\u0131na ne\u015fe katan boy \u00f6l\u00e7me cetveli.<\/p>\n<p class=\"product-description-content\">&#8211; Tek par\u00e7a halinde gelen bu sticker, kolayca uygulanabilir ve duvara zarar vermez.<\/p>\n<p class=\"product-description-content\">&#8211; Bebek ve \u00e7ocuk odalar\u0131nda kullan\u0131m i\u00e7in idealdir<\/p>\n<p class=\"product-description-content\">hem e\u011flenceli hem de i\u015flevsel bir dekoratif unsur sa\u011flar.<\/p>\n","protected":false},"excerpt":{"rendered":"<p>G\u00f6kku\u015fa\u011f\u0131 ailesinin renkli karakterleriyle s\u00fcslenmi\u015f, \u00e7ocuklar\u0131n odas\u0131na ne\u015fe katan boy \u00f6l\u00e7me cetveli.<\/p>\n","protected":false},"featured_media":1110,"template":"","meta":[],"product_brand":[104],"product_cat":[99],"product_tag":[],"class_list":{"0":"post-1109","1":"product","2":"type-product","3":"status-publish","4":"has-post-thumbnail","6":"product_brand-bizden-alinir","7":"product_cat-duvar-sticker","9":"first","10":"instock","11":"taxable","12":"shipping-taxable","13":"purchasable","14":"product-type-simple"},"jetpack_sharing_enabled":true,"_links":{"self":[{"href":"https:\/\/bizdenalinir.com\/index.php\/wp-json\/wp\/v2\/product\/1109","targetHints":{"allow":["GET"]}}],"collection":[{"href":"https:\/\/bizdenalinir.com\/index.php\/wp-json\/wp\/v2\/product"}],"about":[{"href":"https:\/\/bizdenalinir.com\/index.php\/wp-json\/wp\/v2\/types\/product"}],"wp:featuredmedia":[{"embeddable":true,"href":"https:\/\/bizdenalinir.com\/index.php\/wp-json\/wp\/v2\/media\/1110"}],"wp:attachment":[{"href":"https:\/\/bizdenalinir.com\/index.php\/wp-json\/wp\/v2\/media?parent=1109"}],"wp:term":[{"taxonomy":"product_brand","embeddable":true,"href":"https:\/\/bizdenalinir.com\/index.php\/wp-json\/wp\/v2\/product_brand?post=1109"},{"taxonomy":"product_cat","embeddable":true,"href":"https:\/\/bizdenalinir.com\/index.php\/wp-json\/wp\/v2\/product_cat?post=1109"},{"taxonomy":"product_tag","embeddable":true,"href":"https:\/\/bizdenalinir.com\/index.php\/wp-json\/wp\/v2\/product_tag?post=1109"}],"curies":[{"name":"wp","href":"https:\/\/api.w.org\/{rel}","templated":true}]}}